{"id":49351,"date":"2026-04-27T14:07:45","date_gmt":"2026-04-27T14:07:45","guid":{"rendered":"https:\/\/vetathome.pt\/?page_id=49351"},"modified":"2026-04-27T14:11:34","modified_gmt":"2026-04-27T14:11:34","slug":"politica-de-cookies","status":"publish","type":"page","link":"https:\/\/vetathome.pt\/en\/politica-de-cookies\/","title":{"rendered":"Pol\u00edtica de Cookies"},"content":{"rendered":"<div data-elementor-type=\"wp-page\" data-elementor-id=\"49351\" class=\"elementor elementor-49351\">\n\t\t\t\t<div class=\"elementor-element elementor-element-3da2a62a e-flex e-con-boxed e-con e-parent\" data-id=\"3da2a62a\" data-element_type=\"container\" data-e-type=\"container\">\n\t\t\t\t\t<div class=\"e-con-inner\">\n\t\t\t\t<div class=\"elementor-element elementor-element-6965c7ce elementor-widget elementor-widget-text-editor\" data-id=\"6965c7ce\" data-element_type=\"widget\" data-e-type=\"widget\" data-widget_type=\"text-editor.default\">\n\t\t\t\t<div class=\"elementor-widget-container\">\n\t\t\t\t\t\t\t\t\t<h2>Pol\u00edtica de Privacidade e Cookies<\/h2><p class=\"s2\"><strong>1. Identifica\u00e7\u00e3o da entidade<\/strong><\/p><p class=\"s2\">A presente Pol\u00edtica de Privacidade regula o tratamento de dados pessoais pela Particle Conjugation, Unipessoal Lda., com sede na Rua Cidade de Vila Real n.\u00ba 72, NIF 516128787, no \u00e2mbito do servi\u00e7o Vet at Home.<\/p><p class=\"s2\">\u00a0<\/p><p class=\"s2\"><strong>2. Dados recolhidos<\/strong><\/p><p class=\"s2\">Podemos recolher os seguintes dados:<\/p><p class=\"s2\">&#8211; Nome<\/p><p class=\"s2\">&#8211; Contacto telef\u00f3nico<\/p><p class=\"s2\">&#8211; Email<\/p><p class=\"s2\">&#8211; Morada<\/p><p class=\"s2\">&#8211; Dados do animal (esp\u00e9cie, idade, hist\u00f3rico cl\u00ednico)<\/p><p class=\"s2\">\u00a0<\/p><p class=\"s2\"><strong>3. Finalidade do tratamento<\/strong><\/p><p class=\"s2\">Os dados s\u00e3o recolhidos para:<\/p><p class=\"s2\">&#8211; Presta\u00e7\u00e3o de servi\u00e7os m\u00e9dico-veterin\u00e1rios<\/p><p class=\"s2\">&#8211; Gest\u00e3o de marca\u00e7\u00f5es<\/p><p class=\"s2\">&#8211; Comunica\u00e7\u00e3o com o cliente<\/p><p class=\"s2\">&#8211; Cumprimento de obriga\u00e7\u00f5es legais<\/p><p class=\"s2\">\u00a0<\/p><p class=\"s2\"><strong>4. Fundamento legal<\/strong><\/p><p class=\"s2\">O tratamento de dados baseia-se em:<\/p><p class=\"s2\">&#8211; Execu\u00e7\u00e3o de contrato<\/p><p class=\"s2\">&#8211; Cumprimento de obriga\u00e7\u00f5es legais<\/p><p class=\"s2\">&#8211; Consentimento do titular (quando aplic\u00e1vel<span style=\"text-align: var(--text-align); font-family: var(--font-main), sans-serif; letter-spacing: var(--font-main-letterspacing);\">)<\/span><\/p><p class=\"s2\"><span style=\"text-align: var(--text-align); font-family: var(--font-main), sans-serif; letter-spacing: var(--font-main-letterspacing);\">\u00a0<\/span><\/p><p class=\"s2\">\u00a0<\/p><p class=\"s2\"><strong>5. Partilha de dados<\/strong><\/p><p class=\"s2\">Os dados n\u00e3o ser\u00e3o partilhados com terceiros, exceto quando necess\u00e1rio para cumprimento de obriga\u00e7\u00f5es legais.<\/p><p class=\"s2\">\u00a0<\/p><p class=\"s2\">\u00a0<\/p><p class=\"s2\"><strong>6. Conserva\u00e7\u00e3o dos dados<\/strong><\/p><p class=\"s2\">Os dados ser\u00e3o conservados apenas pelo per\u00edodo necess\u00e1rio para cumprir as finalidades descritas ou obriga\u00e7\u00f5es legais.<\/p><p class=\"s2\">\u00a0<\/p><p class=\"s2\">\u00a0<\/p><p class=\"s2\"><strong>7. Direitos do titular dos dados<\/strong><\/p><p class=\"s2\">O cliente tem direito a:<\/p><p class=\"s2\">&#8211; Aceder aos seus dados<\/p><p class=\"s2\">&#8211; Retificar dados incorretos<\/p><p class=\"s2\">&#8211; Solicitar o apagamento dos dados<\/p><p class=\"s2\">&#8211; Limitar ou opor-se ao tratamento<\/p><p class=\"s2\">Para exercer os seus direitos, dever\u00e1 contactar a Vet at Home.<\/p><p class=\"s2\">\u00a0<\/p><p class=\"s2\">\u00a0<\/p><p class=\"s2\"><strong>8. Seguran\u00e7a dos dados<\/strong><\/p><p class=\"s2\">A Vet at Home adota medidas t\u00e9cnicas e organizativas adequadas para proteger os dados pessoais.<\/p><p class=\"s2\">\u00a0<\/p><p class=\"s2\">\u00a0<\/p><p class=\"s2\"><strong>9. Cookies<\/strong><\/p><p class=\"s2\"><span style=\"text-align: var(--text-align); font-family: var(--font-main), sans-serif; letter-spacing: var(--font-main-letterspacing);\">O website pode utilizar cookies para:<\/span><\/p><p class=\"s2\">&#8211; Melhorar a experi\u00eancia do utilizador<\/p><p class=\"s2\">&#8211; Analisar o tr\u00e1fego do site<\/p><p class=\"s2\">Os utilizadores podem gerir ou desativar cookies nas defini\u00e7\u00f5es do seu navegador.<\/p><p class=\"s2\">\u00a0<\/p><p class=\"s2\">\u00a0<\/p><p class=\"s2\"><strong>10. Altera\u00e7\u00f5es \u00e0 pol\u00edtica<\/strong><\/p><p class=\"s2\"><span style=\"font-family: var(--font-main), sans-serif; letter-spacing: var(--font-main-letterspacing); text-align: var(--text-align);\">A Vet at Home reserva-se o direito de alterar esta Pol\u00edtica de Privacidade e Cookies a qualquer momento.<\/span><\/p><p class=\"s2\">\u00a0<\/p><p class=\"s2\">\u00a0<\/p>\t\t\t\t\t\t\t\t<\/div>\n\t\t\t\t<\/div>\n\t\t\t\t\t<\/div>\n\t\t\t\t<\/div>\n\t\t\t\t<\/div>","protected":false},"excerpt":{"rendered":"<p>Pol\u00edtica de Privacidade e Cookies 1. Identifica\u00e7\u00e3o da entidade A presente Pol\u00edtica de Privacidade regula o tratamento de dados pessoais pela Particle Conjugation, Unipessoal Lda., com sede na Rua Cidade de Vila Real n.\u00ba 72, NIF 516128787, no \u00e2mbito do servi\u00e7o Vet at Home. \u00a0 2. Dados recolhidos Podemos recolher os seguintes dados: &#8211; Nome [&hellip;]<\/p>\n","protected":false},"author":1,"featured_media":0,"parent":0,"menu_order":0,"comment_status":"closed","ping_status":"closed","template":"page-templates\/full-width.php","meta":{"footnotes":""},"class_list":["post-49351","page","type-page","status-publish","hentry"],"_links":{"self":[{"href":"https:\/\/vetathome.pt\/en\/wp-json\/wp\/v2\/pages\/49351","targetHints":{"allow":["GET"]}}],"collection":[{"href":"https:\/\/vetathome.pt\/en\/wp-json\/wp\/v2\/pages"}],"about":[{"href":"https:\/\/vetathome.pt\/en\/wp-json\/wp\/v2\/types\/page"}],"author":[{"embeddable":true,"href":"https:\/\/vetathome.pt\/en\/wp-json\/wp\/v2\/users\/1"}],"replies":[{"embeddable":true,"href":"https:\/\/vetathome.pt\/en\/wp-json\/wp\/v2\/comments?post=49351"}],"version-history":[{"count":7,"href":"https:\/\/vetathome.pt\/en\/wp-json\/wp\/v2\/pages\/49351\/revisions"}],"predecessor-version":[{"id":49358,"href":"https:\/\/vetathome.pt\/en\/wp-json\/wp\/v2\/pages\/49351\/revisions\/49358"}],"wp:attachment":[{"href":"https:\/\/vetathome.pt\/en\/wp-json\/wp\/v2\/media?parent=49351"}],"curies":[{"name":"wp","href":"https:\/\/api.w.org\/{rel}","templated":true}]}}